{"id":96,"date":"2020-03-23T17:22:10","date_gmt":"2020-03-23T16:22:10","guid":{"rendered":"http:\/\/locationsaintcast.fr\/?page_id=96"},"modified":"2024-07-13T15:23:24","modified_gmt":"2024-07-13T13:23:24","slug":"accueil","status":"publish","type":"page","link":"https:\/\/locationsaintcast.fr\/","title":{"rendered":"Bienvenue au Celtic !"},"content":{"rendered":"\n<p>L&rsquo;appartement se trouve dans la R\u00e9sidence Le Celtic, immeuble embl\u00e9matique de Saint-Cast le Guildo (prononcer Saint K). Cet immeuble de style Art D\u00e9co de 1925 fait face au golf 18 trous de Saint-Cast qui longe la magnifique plage de Pen Guen, distante d\u2019une centaine de m\u00e8tres. L\u2019appartement est situ\u00e9 en rez-de-chauss\u00e9e sur\u00e9lev\u00e9 et b\u00e9n\u00e9ficie d\u2019une tr\u00e8s belle vue sur la mer et les \u00eeles environnantes. Mais Le Celtic ne fut pas toujours une r\u00e9sidence, ce fut autrefois un h\u00f4tel.<\/p>\n\n\n\n<p><em>The apartment is located in the Residence Le Celtic, an emblematic building of Saint-Cast le Guildo (pronounced Saint K). This Art Deco style building from 1926 faces the Saint-Cast golf course (18 holes) which runs along the magnificent beach of Pen Guen, a hundred meters away. The apartment is located on the raised ground floor and enjoys a beautiful view of the sea and the surrounding islands. But Le Celtic was not always a residence, it was once a hotel.<\/em><\/p>\n\n\n\n<p>Le Celtic H\u00f4tel fut en effet construit vers 1925 dans le plus pur style Art d\u00e9co par l&rsquo;architecte Marcel Oudin, \u00e9galement concepteur d&rsquo;immeubles bien connus comme le Club House du golf de Dinard, ou encore le Gallic Hotel de Dinard, qui h\u00e9berge aujourd&rsquo;hui l&rsquo;Office de Tourisme de cette m\u00eame ville. Le b\u00e2timent sera par la suite flanqu\u00e9 de deux extensions au nord et au sud, puis r\u00e9hauss\u00e9 de deux \u00e9tages suppl\u00e9mentaires.<\/p>\n\n\n\n<p><em>The Celtic Hotel was built around 1925 in the purest Art Deco style by the architect Marcel Oudin, who also designed well-known buildings such as the Club House of the Dinard golf course, or the Gallic Hotel in Dinard, which now houses the Tourist Office of the same city. The building will then be flanked by two extensions to the north and south, then enhanced by two additional floors.<\/em><\/p>\n\n\n\n<p>Apr\u00e8s la deuxi\u00e8me guerre, l&rsquo;h\u00f4tel est transform\u00e9 en r\u00e9sidence. Les grandes salles communes de l&rsquo;h\u00f4tel (salle \u00e0 manger, salon de conversation, grand salon, etc.) laiss\u00e8rent alors place \u00e0 de spacieux appartements, dont fait partie cette location, aux volumes imposants, qui furent m\u00eame agenc\u00e9s fa\u00e7on duplex, tant la hauteur sous plafond s&rsquo;y pr\u00eatait.<\/p>\n\n\n\n<p><em>After the Second World War, the hotel was transformed into a residence. The hotel&rsquo;s large common rooms (dining room, conversation room, large lounge, etc.) then gave way to spacious apartments, of which this rental is a part, with imposing volumes, which were even arranged in a duplex style, as the ceiling height lent itself to it.<\/em><\/p>\n\n\n\n<figure class=\"wp-block-image size-large\"><img loading=\"lazy\" decoding=\"async\" width=\"1024\" height=\"646\" src=\"https:\/\/locationsaintcast.fr\/wp-content\/uploads\/2024\/06\/Celtic-Hotel-avant-1930-1024x646.jpg\" alt=\"\" class=\"wp-image-226\" srcset=\"https:\/\/locationsaintcast.fr\/wp-content\/uploads\/2024\/06\/Celtic-Hotel-avant-1930-1024x646.jpg 1024w, https:\/\/locationsaintcast.fr\/wp-content\/uploads\/2024\/06\/Celtic-Hotel-avant-1930-300x189.jpg 300w, https:\/\/locationsaintcast.fr\/wp-content\/uploads\/2024\/06\/Celtic-Hotel-avant-1930-768x485.jpg 768w, https:\/\/locationsaintcast.fr\/wp-content\/uploads\/2024\/06\/Celtic-Hotel-avant-1930-1536x969.jpg 1536w, https:\/\/locationsaintcast.fr\/wp-content\/uploads\/2024\/06\/Celtic-Hotel-avant-1930-892x563.jpg 892w, https:\/\/locationsaintcast.fr\/wp-content\/uploads\/2024\/06\/Celtic-Hotel-avant-1930.jpg 1577w\" sizes=\"auto, (max-width: 1024px) 100vw, 1024px\" \/><\/figure>\n\n\n\n<p><\/p>\n\n\n\n<figure class=\"wp-block-image size-large\"><img loading=\"lazy\" decoding=\"async\" width=\"1024\" height=\"768\" src=\"https:\/\/locationsaintcast.fr\/wp-content\/uploads\/2024\/06\/IMG_0520-1-1024x768.jpg\" alt=\"\" class=\"wp-image-228\" srcset=\"https:\/\/locationsaintcast.fr\/wp-content\/uploads\/2024\/06\/IMG_0520-1-1024x768.jpg 1024w, https:\/\/locationsaintcast.fr\/wp-content\/uploads\/2024\/06\/IMG_0520-1-300x225.jpg 300w, https:\/\/locationsaintcast.fr\/wp-content\/uploads\/2024\/06\/IMG_0520-1-768x576.jpg 768w, https:\/\/locationsaintcast.fr\/wp-content\/uploads\/2024\/06\/IMG_0520-1-1536x1152.jpg 1536w, https:\/\/locationsaintcast.fr\/wp-content\/uploads\/2024\/06\/IMG_0520-1-2048x1536.jpg 2048w, https:\/\/locationsaintcast.fr\/wp-content\/uploads\/2024\/06\/IMG_0520-1-892x669.jpg 892w\" sizes=\"auto, (max-width: 1024px) 100vw, 1024px\" \/><\/figure>\n\n\n\n<p><\/p>\n\n\n\n<p><\/p>\n","protected":false},"excerpt":{"rendered":"<p>L&rsquo;appartement se trouve dans la R\u00e9sidence Le Celtic, immeuble embl\u00e9matique de Saint-Cast le Guildo (prononcer Saint K). Cet immeuble de style Art D\u00e9co de 1925 fait face au golf 18 trous de Saint-Cast qui longe la magnifique plage de Pen Guen, distante d\u2019une centaine de m\u00e8tres. L\u2019appartement est situ\u00e9 en rez-de-chauss\u00e9e sur\u00e9lev\u00e9 et b\u00e9n\u00e9ficie d\u2019une [&hellip;]<\/p>\n","protected":false},"author":1,"featured_media":161,"parent":0,"menu_order":0,"comment_status":"closed","ping_status":"closed","template":"","meta":{"footnotes":""},"class_list":["post-96","page","type-page","status-publish","has-post-thumbnail","hentry"],"_links":{"self":[{"href":"https:\/\/locationsaintcast.fr\/index.php?rest_route=\/wp\/v2\/pages\/96","targetHints":{"allow":["GET"]}}],"collection":[{"href":"https:\/\/locationsaintcast.fr\/index.php?rest_route=\/wp\/v2\/pages"}],"about":[{"href":"https:\/\/locationsaintcast.fr\/index.php?rest_route=\/wp\/v2\/types\/page"}],"author":[{"embeddable":true,"href":"https:\/\/locationsaintcast.fr\/index.php?rest_route=\/wp\/v2\/users\/1"}],"replies":[{"embeddable":true,"href":"https:\/\/locationsaintcast.fr\/index.php?rest_route=%2Fwp%2Fv2%2Fcomments&post=96"}],"version-history":[{"count":15,"href":"https:\/\/locationsaintcast.fr\/index.php?rest_route=\/wp\/v2\/pages\/96\/revisions"}],"predecessor-version":[{"id":348,"href":"https:\/\/locationsaintcast.fr\/index.php?rest_route=\/wp\/v2\/pages\/96\/revisions\/348"}],"wp:featuredmedia":[{"embeddable":true,"href":"https:\/\/locationsaintcast.fr\/index.php?rest_route=\/wp\/v2\/media\/161"}],"wp:attachment":[{"href":"https:\/\/locationsaintcast.fr\/index.php?rest_route=%2Fwp%2Fv2%2Fmedia&parent=96"}],"curies":[{"name":"wp","href":"https:\/\/api.w.org\/{rel}","templated":true}]}}