{"id":41,"date":"2020-03-22T18:58:58","date_gmt":"2020-03-22T17:58:58","guid":{"rendered":"http:\/\/locationsaintcast.fr\/?page_id=41"},"modified":"2024-07-13T15:47:53","modified_gmt":"2024-07-13T13:47:53","slug":"lappartement-2","status":"publish","type":"page","link":"https:\/\/locationsaintcast.fr\/?page_id=41","title":{"rendered":"L&rsquo;appartement"},"content":{"rendered":"\n<p class=\"has-text-align-center\"><strong>140 m\u00b2 \/ 3 chambres \/ 8 personnes \/ Face \u00e0 la plage<\/strong><\/p>\n\n\n\n<p class=\"has-text-align-center\"><strong><em>140 m\u00b2 \/ 3 bedrooms \/ 8 persons \/ Facing the beach<\/em><\/strong><\/p>\n\n\n\n<p><strong>Chambres :<\/strong><\/p>\n\n\n\n<p>Les trois chambres sont toutes expos\u00e9es sud et b\u00e9n\u00e9ficient de ce fait d\u2019un bon ensoleillement.<\/p>\n\n\n\n<ul class=\"wp-block-list\">\n<li>Chambre 1 (rez-de-chauss\u00e9e) comprend un lit double de 160\u00d7200 + une salle de bains int\u00e9gr\u00e9e. Ses grands placards vous permettront de ranger ais\u00e9ment l\u2019ensemble de vos effets personnels pour toute la dur\u00e9e de votre s\u00e9jour.<\/li>\n\n\n\n<li>Chambre 2 (\u00e9tage) : comprend un lit double de 160\u00d7200, de deux lampes et tables de chevet, de deux chaises et d\u2019une commode \u00e0 4 tiroirs.<\/li>\n\n\n\n<li>Chambre 3 (\u00e9tage) : dortoir pour les enfants comprenant 2 x 2 lits superpos\u00e9s de 80\u00d7190, deux chaises et une commode \u00e0 4 tiroirs. Des spots muraux font office de lampe de chevet.<\/li>\n<\/ul>\n\n\n\n<p><strong>Salles de bains :<\/strong><\/p>\n\n\n\n<p>Les deux salles de bains, de style \u00e0 la fois moderne de par leurs \u00e9quipements ultra design, et classique de par leur habillage tout en mosa\u00efque de Briare, sont belles et fonctionnelles. Toutes deux sont \u00e9quip\u00e9es de syst\u00e8mes de douche thermostatiques encastr\u00e9s.<br>Celle du rez-de-chauss\u00e9e fait partie int\u00e9grante de la chambre, avec sa double vasque s\u2019inspirant des timbres d\u2019office d\u2019autrefois, elle poss\u00e8de une grande baignoire-douche pos\u00e9e \u00e0 fleur, et des placards int\u00e9gr\u00e9s de chaque c\u00f4t\u00e9 pour ne pas trop encombrer le plan de travail. A l\u2019\u00e9tage, la salle de bains fait place \u00e0 une douche \u00e0 l\u2019italienne, moderne et facile d\u2019acc\u00e8s.<\/p>\n\n\n\n<p><strong>Bon \u00e0 savoir :<\/strong><\/p>\n\n\n\n<p>L\u2019appartement est class\u00e9 \u00ab meubl\u00e9 de tourisme \u00bb cat\u00e9gorie 4 \u00e9toiles ****<br>En hiver, un petit suppl\u00e9ment chauffage est \u00e0 pr\u00e9voir.<br>Nos amis les animaux, propres et bien \u00e9lev\u00e9s, sont bienvenus.<br>La taxe de s\u00e9jour est en sus.<br>Je n\u2019impose pas de forfait m\u00e9nage de fa\u00e7on \u00e0 minimiser le co\u00fbt pour les vacanciers. En contrepartie, je vous invite \u00e0 restituer l\u2019appartement dans le m\u00eame \u00e9tat de propret\u00e9 que vous l\u2019avez trouv\u00e9.<br>En option :<br>\u2013 M\u00e9nage de fin de s\u00e9jour : 80 \u20ac<br>\u2013 Location des draps : lit simple 15 \u20ac, lit double 20 \u20ac (dans ce cas, les lits sont pr\u00e9par\u00e9s par nos soins)<\/p>\n\n\n\n<p><strong><em>Bedrooms :<\/em><\/strong><\/p>\n\n\n\n<p><em>The three bedrooms are all south-facing and therefore benefit from good sunlight.<\/em><\/p>\n\n\n\n<ul class=\"wp-block-list\">\n<li><em>Bedroom 1 (ground floor) has a 160\u00d7200 double bed + a built-in bathroom. Its large cupboards will allow you to easily store all your personal belongings for the duration of your stay.<\/em><\/li>\n\n\n\n<li><em>Bedroom 2 (upstairs): includes a 160\u00d7200 double bed, two lamps and bedside tables, two chairs and a chest of drawers with 4 drawers.<\/em><\/li>\n\n\n\n<li><em>Bedroom 3 (upstairs): Children&rsquo;s dormitory with 2 x 2 bunk beds of 80\u00d7190, two chairs and a chest of drawers with 4 drawers. Wall spotlights act as bedside lamps.<\/em><\/li>\n<\/ul>\n\n\n\n<p><em><strong>Bathrooms :<\/strong><\/em><\/p>\n\n\n\n<p><em>The two bathrooms, both modern in style with their ultra-design equipment, and classic with their Briare mosaic cladding, are beautiful and functional. Both are equipped with recessed thermostatic shower systems.<br>The one on the ground floor is an integral part of the bedroom, with its double sink inspired by the office stamps of yesteryear, it has a large bathtub-shower placed flush, and built-in cupboards on each side so as not to clutter the worktop too much. Upstairs, the bathroom gives way to a walk-in shower, modern and easy to access.<\/em><\/p>\n\n\n\n<p><em><strong>Good to know :<\/strong><\/em><\/p>\n\n\n\n<p><em>The apartment is classified as \u00ab\u00a0furnished for tourism\u00a0\u00bb category 4 stars ****<br>In winter, a small heating supplement is to be expected.<br>My animal friends, clean and well behaved, are welcome.<br>The tourist tax is extra.<br>I do not impose a cleaning fee in order to minimize the cost for holidaymakers. In return, I invite you to return the apartment in the same state of cleanliness as you found it.<br>Optional:<br>\u2013 End-of-stay cleaning: 80 \u20ac<br>\u2013 Bed linen rental: single bed 15 \u20ac, double bed 20 \u20ac<\/em><\/p>\n","protected":false},"excerpt":{"rendered":"<p>140 m\u00b2 \/ 3 chambres \/ 8 personnes \/ Face \u00e0 la plage 140 m\u00b2 \/ 3 bedrooms \/ 8 persons \/ Facing the beach Chambres : Les trois chambres sont toutes expos\u00e9es sud et b\u00e9n\u00e9ficient de ce fait d\u2019un bon ensoleillement. Salles de bains : Les deux salles de bains, de style \u00e0 la [&hellip;]<\/p>\n","protected":false},"author":1,"featured_media":174,"parent":0,"menu_order":0,"comment_status":"closed","ping_status":"closed","template":"","meta":{"footnotes":""},"class_list":["post-41","page","type-page","status-publish","has-post-thumbnail","hentry"],"_links":{"self":[{"href":"https:\/\/locationsaintcast.fr\/index.php?rest_route=\/wp\/v2\/pages\/41","targetHints":{"allow":["GET"]}}],"collection":[{"href":"https:\/\/locationsaintcast.fr\/index.php?rest_route=\/wp\/v2\/pages"}],"about":[{"href":"https:\/\/locationsaintcast.fr\/index.php?rest_route=\/wp\/v2\/types\/page"}],"author":[{"embeddable":true,"href":"https:\/\/locationsaintcast.fr\/index.php?rest_route=\/wp\/v2\/users\/1"}],"replies":[{"embeddable":true,"href":"https:\/\/locationsaintcast.fr\/index.php?rest_route=%2Fwp%2Fv2%2Fcomments&post=41"}],"version-history":[{"count":17,"href":"https:\/\/locationsaintcast.fr\/index.php?rest_route=\/wp\/v2\/pages\/41\/revisions"}],"predecessor-version":[{"id":352,"href":"https:\/\/locationsaintcast.fr\/index.php?rest_route=\/wp\/v2\/pages\/41\/revisions\/352"}],"wp:featuredmedia":[{"embeddable":true,"href":"https:\/\/locationsaintcast.fr\/index.php?rest_route=\/wp\/v2\/media\/174"}],"wp:attachment":[{"href":"https:\/\/locationsaintcast.fr\/index.php?rest_route=%2Fwp%2Fv2%2Fmedia&parent=41"}],"curies":[{"name":"wp","href":"https:\/\/api.w.org\/{rel}","templated":true}]}}