{"id":141,"date":"2020-03-23T18:35:58","date_gmt":"2020-03-23T17:35:58","guid":{"rendered":"http:\/\/locationsaintcast.fr\/?page_id=141"},"modified":"2024-07-08T15:07:31","modified_gmt":"2024-07-08T13:07:31","slug":"les-plages","status":"publish","type":"page","link":"https:\/\/locationsaintcast.fr\/?page_id=141","title":{"rendered":"Les plages"},"content":{"rendered":"\n<p><strong>Saint-Cast le Guildo dispose de 7 plages de sable fin :<\/strong><\/p>\n\n\n\n<ul class=\"wp-block-list\">\n<li>La Grande Plage<\/li>\n\n\n\n<li>Pen Guen<\/li>\n\n\n\n<li>La Mare<\/li>\n\n\n\n<li>La Fresnaye<\/li>\n\n\n\n<li>La Pissote<\/li>\n\n\n\n<li>Les Quatre Vaulx<\/li>\n\n\n\n<li>La Fosse<\/li>\n<\/ul>\n\n\n\n<p>L&rsquo;appartement est situ\u00e9 face \u00e0 la plage de Pen Guen, deuxi\u00e8me plus grande plage de Saint-Cast.<\/p>\n\n\n\n<p><strong><em>Saint-Cast le Guildo has 7 fine sandy beaches:<\/em><\/strong><\/p>\n\n\n\n<ul class=\"wp-block-list\">\n<li>Main beach<\/li>\n\n\n\n<li>Pen Guen<\/li>\n\n\n\n<li>La Mare<\/li>\n\n\n\n<li>La Fresnaye<\/li>\n\n\n\n<li>La Pissote<\/li>\n\n\n\n<li>Les Quatre Vaulx<\/li>\n\n\n\n<li>La Fosse<\/li>\n<\/ul>\n\n\n\n<p>The apartment is located in front of the beach of Pen Guen, the second largest beach in Saint-Cast.<\/p>\n\n\n\n<figure class=\"wp-block-image size-large\"><img loading=\"lazy\" decoding=\"async\" width=\"1024\" height=\"576\" src=\"https:\/\/locationsaintcast.fr\/wp-content\/uploads\/2024\/06\/DSC_0516-1024x576.jpg\" alt=\"\" class=\"wp-image-213\" srcset=\"https:\/\/locationsaintcast.fr\/wp-content\/uploads\/2024\/06\/DSC_0516-1024x576.jpg 1024w, https:\/\/locationsaintcast.fr\/wp-content\/uploads\/2024\/06\/DSC_0516-300x169.jpg 300w, https:\/\/locationsaintcast.fr\/wp-content\/uploads\/2024\/06\/DSC_0516-768x432.jpg 768w, https:\/\/locationsaintcast.fr\/wp-content\/uploads\/2024\/06\/DSC_0516-1536x864.jpg 1536w, https:\/\/locationsaintcast.fr\/wp-content\/uploads\/2024\/06\/DSC_0516-2048x1152.jpg 2048w, https:\/\/locationsaintcast.fr\/wp-content\/uploads\/2024\/06\/DSC_0516-892x502.jpg 892w\" sizes=\"auto, (max-width: 1024px) 100vw, 1024px\" \/><\/figure>\n\n\n\n<figure class=\"wp-block-gallery has-nested-images columns-default is-cropped wp-block-gallery-1 is-layout-flex wp-block-gallery-is-layout-flex\">\n<figure class=\"wp-block-image size-large\"><img loading=\"lazy\" decoding=\"async\" width=\"1024\" height=\"768\" data-id=\"211\" src=\"https:\/\/locationsaintcast.fr\/wp-content\/uploads\/2024\/06\/IMG_6458-1024x768.jpg\" alt=\"\" class=\"wp-image-211\" srcset=\"https:\/\/locationsaintcast.fr\/wp-content\/uploads\/2024\/06\/IMG_6458-1024x768.jpg 1024w, https:\/\/locationsaintcast.fr\/wp-content\/uploads\/2024\/06\/IMG_6458-300x225.jpg 300w, https:\/\/locationsaintcast.fr\/wp-content\/uploads\/2024\/06\/IMG_6458-768x576.jpg 768w, https:\/\/locationsaintcast.fr\/wp-content\/uploads\/2024\/06\/IMG_6458-1536x1152.jpg 1536w, https:\/\/locationsaintcast.fr\/wp-content\/uploads\/2024\/06\/IMG_6458-892x669.jpg 892w, https:\/\/locationsaintcast.fr\/wp-content\/uploads\/2024\/06\/IMG_6458.jpg 1600w\" sizes=\"auto, (max-width: 1024px) 100vw, 1024px\" \/><\/figure>\n\n\n\n<figure class=\"wp-block-image size-large\"><img loading=\"lazy\" decoding=\"async\" width=\"1024\" height=\"768\" data-id=\"212\" src=\"https:\/\/locationsaintcast.fr\/wp-content\/uploads\/2024\/06\/IMG_20180916_083920-3-1024x768.jpg\" alt=\"\" class=\"wp-image-212\" srcset=\"https:\/\/locationsaintcast.fr\/wp-content\/uploads\/2024\/06\/IMG_20180916_083920-3-1024x768.jpg 1024w, https:\/\/locationsaintcast.fr\/wp-content\/uploads\/2024\/06\/IMG_20180916_083920-3-300x225.jpg 300w, https:\/\/locationsaintcast.fr\/wp-content\/uploads\/2024\/06\/IMG_20180916_083920-3-768x576.jpg 768w, https:\/\/locationsaintcast.fr\/wp-content\/uploads\/2024\/06\/IMG_20180916_083920-3-1536x1152.jpg 1536w, https:\/\/locationsaintcast.fr\/wp-content\/uploads\/2024\/06\/IMG_20180916_083920-3-2048x1536.jpg 2048w, https:\/\/locationsaintcast.fr\/wp-content\/uploads\/2024\/06\/IMG_20180916_083920-3-892x669.jpg 892w\" sizes=\"auto, (max-width: 1024px) 100vw, 1024px\" \/><\/figure>\n\n\n\n<figure class=\"wp-block-image size-large\"><img loading=\"lazy\" decoding=\"async\" width=\"1024\" height=\"768\" data-id=\"217\" src=\"https:\/\/locationsaintcast.fr\/wp-content\/uploads\/2024\/06\/IMG_20190504_170827-1024x768.jpg\" alt=\"\" class=\"wp-image-217\" srcset=\"https:\/\/locationsaintcast.fr\/wp-content\/uploads\/2024\/06\/IMG_20190504_170827-1024x768.jpg 1024w, https:\/\/locationsaintcast.fr\/wp-content\/uploads\/2024\/06\/IMG_20190504_170827-300x225.jpg 300w, https:\/\/locationsaintcast.fr\/wp-content\/uploads\/2024\/06\/IMG_20190504_170827-768x576.jpg 768w, https:\/\/locationsaintcast.fr\/wp-content\/uploads\/2024\/06\/IMG_20190504_170827-1536x1152.jpg 1536w, https:\/\/locationsaintcast.fr\/wp-content\/uploads\/2024\/06\/IMG_20190504_170827-2048x1536.jpg 2048w, https:\/\/locationsaintcast.fr\/wp-content\/uploads\/2024\/06\/IMG_20190504_170827-892x669.jpg 892w\" sizes=\"auto, (max-width: 1024px) 100vw, 1024px\" \/><\/figure>\n\n\n\n<figure class=\"wp-block-image size-large\"><img loading=\"lazy\" decoding=\"async\" width=\"1024\" height=\"768\" data-id=\"218\" src=\"https:\/\/locationsaintcast.fr\/wp-content\/uploads\/2024\/06\/P6201502-1024x768.jpg\" alt=\"\" class=\"wp-image-218\" srcset=\"https:\/\/locationsaintcast.fr\/wp-content\/uploads\/2024\/06\/P6201502-1024x768.jpg 1024w, https:\/\/locationsaintcast.fr\/wp-content\/uploads\/2024\/06\/P6201502-300x225.jpg 300w, https:\/\/locationsaintcast.fr\/wp-content\/uploads\/2024\/06\/P6201502-768x576.jpg 768w, https:\/\/locationsaintcast.fr\/wp-content\/uploads\/2024\/06\/P6201502-1536x1152.jpg 1536w, https:\/\/locationsaintcast.fr\/wp-content\/uploads\/2024\/06\/P6201502-2048x1536.jpg 2048w, https:\/\/locationsaintcast.fr\/wp-content\/uploads\/2024\/06\/P6201502-892x669.jpg 892w\" sizes=\"auto, (max-width: 1024px) 100vw, 1024px\" \/><\/figure>\n\n\n\n<figure class=\"wp-block-image size-large\"><img loading=\"lazy\" decoding=\"async\" width=\"1024\" height=\"676\" data-id=\"216\" src=\"https:\/\/locationsaintcast.fr\/wp-content\/uploads\/2024\/06\/WP_20131029_030-Copier-1024x676.jpg\" alt=\"\" class=\"wp-image-216\" srcset=\"https:\/\/locationsaintcast.fr\/wp-content\/uploads\/2024\/06\/WP_20131029_030-Copier-1024x676.jpg 1024w, https:\/\/locationsaintcast.fr\/wp-content\/uploads\/2024\/06\/WP_20131029_030-Copier-300x198.jpg 300w, https:\/\/locationsaintcast.fr\/wp-content\/uploads\/2024\/06\/WP_20131029_030-Copier-768x507.jpg 768w, https:\/\/locationsaintcast.fr\/wp-content\/uploads\/2024\/06\/WP_20131029_030-Copier-892x589.jpg 892w, https:\/\/locationsaintcast.fr\/wp-content\/uploads\/2024\/06\/WP_20131029_030-Copier-150x100.jpg 150w, https:\/\/locationsaintcast.fr\/wp-content\/uploads\/2024\/06\/WP_20131029_030-Copier.jpg 1164w\" sizes=\"auto, (max-width: 1024px) 100vw, 1024px\" \/><\/figure>\n\n\n\n<figure class=\"wp-block-image size-large\"><img loading=\"lazy\" decoding=\"async\" width=\"1024\" height=\"576\" data-id=\"215\" src=\"https:\/\/locationsaintcast.fr\/wp-content\/uploads\/2024\/06\/Photo-02-1024x576.jpg\" alt=\"\" class=\"wp-image-215\" srcset=\"https:\/\/locationsaintcast.fr\/wp-content\/uploads\/2024\/06\/Photo-02-1024x576.jpg 1024w, https:\/\/locationsaintcast.fr\/wp-content\/uploads\/2024\/06\/Photo-02-300x169.jpg 300w, https:\/\/locationsaintcast.fr\/wp-content\/uploads\/2024\/06\/Photo-02-768x432.jpg 768w, https:\/\/locationsaintcast.fr\/wp-content\/uploads\/2024\/06\/Photo-02-1536x864.jpg 1536w, https:\/\/locationsaintcast.fr\/wp-content\/uploads\/2024\/06\/Photo-02-892x502.jpg 892w, https:\/\/locationsaintcast.fr\/wp-content\/uploads\/2024\/06\/Photo-02.jpg 1920w\" sizes=\"auto, (max-width: 1024px) 100vw, 1024px\" \/><\/figure>\n<\/figure>\n","protected":false},"excerpt":{"rendered":"<p>Saint-Cast le Guildo dispose de 7 plages de sable fin : L&rsquo;appartement est situ\u00e9 face \u00e0 la plage de Pen Guen, deuxi\u00e8me plus grande plage de Saint-Cast. Saint-Cast le Guildo has 7 fine sandy beaches: The apartment is located in front of the beach of Pen Guen, the second largest beach in Saint-Cast.<\/p>\n","protected":false},"author":1,"featured_media":152,"parent":0,"menu_order":0,"comment_status":"closed","ping_status":"closed","template":"","meta":{"footnotes":""},"class_list":["post-141","page","type-page","status-publish","has-post-thumbnail","hentry"],"_links":{"self":[{"href":"https:\/\/locationsaintcast.fr\/index.php?rest_route=\/wp\/v2\/pages\/141","targetHints":{"allow":["GET"]}}],"collection":[{"href":"https:\/\/locationsaintcast.fr\/index.php?rest_route=\/wp\/v2\/pages"}],"about":[{"href":"https:\/\/locationsaintcast.fr\/index.php?rest_route=\/wp\/v2\/types\/page"}],"author":[{"embeddable":true,"href":"https:\/\/locationsaintcast.fr\/index.php?rest_route=\/wp\/v2\/users\/1"}],"replies":[{"embeddable":true,"href":"https:\/\/locationsaintcast.fr\/index.php?rest_route=%2Fwp%2Fv2%2Fcomments&post=141"}],"version-history":[{"count":5,"href":"https:\/\/locationsaintcast.fr\/index.php?rest_route=\/wp\/v2\/pages\/141\/revisions"}],"predecessor-version":[{"id":343,"href":"https:\/\/locationsaintcast.fr\/index.php?rest_route=\/wp\/v2\/pages\/141\/revisions\/343"}],"wp:featuredmedia":[{"embeddable":true,"href":"https:\/\/locationsaintcast.fr\/index.php?rest_route=\/wp\/v2\/media\/152"}],"wp:attachment":[{"href":"https:\/\/locationsaintcast.fr\/index.php?rest_route=%2Fwp%2Fv2%2Fmedia&parent=141"}],"curies":[{"name":"wp","href":"https:\/\/api.w.org\/{rel}","templated":true}]}}